{"id":10,"date":"2025-05-04T23:37:47","date_gmt":"2025-05-04T21:37:47","guid":{"rendered":"https:\/\/summits.info\/?page_id=10"},"modified":"2025-05-04T23:39:52","modified_gmt":"2025-05-04T21:39:52","slug":"om","status":"publish","type":"page","link":"https:\/\/summits.info\/index.php\/om\/","title":{"rendered":"Om"},"content":{"rendered":"\n<p>M\u00e5ske er du en kunstner, der gerne vil pr\u00e6sentere dig selv og dit arbejde her, eller m\u00e5ske er du en virksomhed, der har en mission at beskrive.<\/p>\n","protected":false},"excerpt":{"rendered":"<p>M\u00e5ske er du en kunstner, der gerne vil pr\u00e6sentere dig selv og dit arbejde her, eller m\u00e5ske er du en virksomhed, der har en mission at beskrive.<\/p>\n","protected":false},"author":1,"featured_media":0,"parent":0,"menu_order":0,"comment_status":"closed","ping_status":"closed","template":"","meta":{"footnotes":""},"class_list":["post-10","page","type-page","status-publish","hentry"],"_links":{"self":[{"href":"https:\/\/summits.info\/index.php\/wp-json\/wp\/v2\/pages\/10","targetHints":{"allow":["GET"]}}],"collection":[{"href":"https:\/\/summits.info\/index.php\/wp-json\/wp\/v2\/pages"}],"about":[{"href":"https:\/\/summits.info\/index.php\/wp-json\/wp\/v2\/types\/page"}],"author":[{"embeddable":true,"href":"https:\/\/summits.info\/index.php\/wp-json\/wp\/v2\/users\/1"}],"replies":[{"embeddable":true,"href":"https:\/\/summits.info\/index.php\/wp-json\/wp\/v2\/comments?post=10"}],"version-history":[{"count":1,"href":"https:\/\/summits.info\/index.php\/wp-json\/wp\/v2\/pages\/10\/revisions"}],"predecessor-version":[{"id":16,"href":"https:\/\/summits.info\/index.php\/wp-json\/wp\/v2\/pages\/10\/revisions\/16"}],"wp:attachment":[{"href":"https:\/\/summits.info\/index.php\/wp-json\/wp\/v2\/media?parent=10"}],"curies":[{"name":"wp","href":"https:\/\/api.w.org\/{rel}","templated":true}]}}